{"id":673,"date":"2008-07-27T19:50:54","date_gmt":"2008-07-27T17:50:54","guid":{"rendered":"http:\/\/meller.nazwa.pl\/jolanta\/?page_id=8"},"modified":"2024-08-02T23:16:51","modified_gmt":"2024-08-02T22:16:51","slug":"bibliografia-pediatrii","status":"publish","type":"page","link":"https:\/\/jolanta.meller.net.pl\/index.php\/pediatria\/bibliografia-pediatrii\/","title":{"rendered":"Bibliografia"},"content":{"rendered":"<ol>\n<li>Strange G.K. i wsp.: Stany nag\u0142e w pediatrii cz. I \u2013 IV, Med. \u2013 Media, Warszawawa, 2005<\/li>\n<li>Gadzinowski J.,Br\u0119borowiczG.H.: Rekomendacje post\u0119powa\u0144 w medycynie perinatalnej\u201d, OWN, Pozna\u0144, 2002<\/li>\n<li>Zalecenia konsultanta krajowego w dziedzinie pediatrii<\/li>\n<li>Bo\u017ckowa K. (red.): Pediatria praktyczna, Biblioteka Lekarza Rodzinnego, PZWL, Warszawa 1999<\/li>\n<li>Szreter T. (red.): Stany zagro\u017cenia \u017cycia u dzieci, Biblioteka Lekarza Rodzinnego, PZWL, Warszawa 1996<\/li>\n<li>Woynarowska B. ( red): Profilaktyka w pediatrii. Wyd.2, PZWL, Warszawa 2023<\/li>\n<li>Rakowska-R\u00f3ziewicz D. (red.): Wybrane standardy i procedury w piel\u0119gniarstwie pediatrycznym Celej, Lublin 2001<\/li>\n<li>Papierkowski A.: Choroby wieku rozwojowego- podr\u0119cznik dla piel\u0119gniarek, PZWL, Warszawa 1994<\/li>\n<li>Szczapa J. (red.): Neonatologia, PZWL, Warszawa 2022<\/li>\n<\/ol>\n","protected":false},"excerpt":{"rendered":"<p>Strange G.K. i wsp.: Stany nag\u0142e w pediatrii cz. I \u2013 IV, Med. \u2013 Media, Warszawawa, 2005 Gadzinowski J.,Br\u0119borowiczG.H.: Rekomendacje post\u0119powa\u0144 w medycynie perinatalnej\u201d, OWN, Pozna\u0144, 2002 Zalecenia konsultanta krajowego w dziedzinie pediatrii Bo\u017ckowa K. (red.): Pediatria praktyczna, Biblioteka Lekarza Rodzinnego, PZWL, Warszawa 1999 Szreter T. (red.): Stany zagro\u017cenia \u017cycia u dzieci, Biblioteka Lekarza Rodzinnego, [&hellip;]<\/p>\n","protected":false},"author":3,"featured_media":0,"parent":674,"menu_order":1,"comment_status":"closed","ping_status":"open","template":"","meta":{"footnotes":""},"class_list":["post-673","page","type-page","status-publish","hentry"],"_links":{"self":[{"href":"https:\/\/jolanta.meller.net.pl\/index.php\/wp-json\/wp\/v2\/pages\/673","targetHints":{"allow":["GET"]}}],"collection":[{"href":"https:\/\/jolanta.meller.net.pl\/index.php\/wp-json\/wp\/v2\/pages"}],"about":[{"href":"https:\/\/jolanta.meller.net.pl\/index.php\/wp-json\/wp\/v2\/types\/page"}],"author":[{"embeddable":true,"href":"https:\/\/jolanta.meller.net.pl\/index.php\/wp-json\/wp\/v2\/users\/3"}],"replies":[{"embeddable":true,"href":"https:\/\/jolanta.meller.net.pl\/index.php\/wp-json\/wp\/v2\/comments?post=673"}],"version-history":[{"count":2,"href":"https:\/\/jolanta.meller.net.pl\/index.php\/wp-json\/wp\/v2\/pages\/673\/revisions"}],"predecessor-version":[{"id":1130,"href":"https:\/\/jolanta.meller.net.pl\/index.php\/wp-json\/wp\/v2\/pages\/673\/revisions\/1130"}],"up":[{"embeddable":true,"href":"https:\/\/jolanta.meller.net.pl\/index.php\/wp-json\/wp\/v2\/pages\/674"}],"wp:attachment":[{"href":"https:\/\/jolanta.meller.net.pl\/index.php\/wp-json\/wp\/v2\/media?parent=673"}],"curies":[{"name":"wp","href":"https:\/\/api.w.org\/{rel}","templated":true}]}}