{"id":672,"date":"2008-07-27T19:45:37","date_gmt":"2008-07-27T17:45:37","guid":{"rendered":"http:\/\/meller.nazwa.pl\/jolanta\/?page_id=7"},"modified":"2008-07-27T19:45:37","modified_gmt":"2008-07-27T17:45:37","slug":"program-pediatrii","status":"publish","type":"page","link":"https:\/\/jolanta.meller.net.pl\/index.php\/pediatria\/program-pediatrii\/","title":{"rendered":"Program"},"content":{"rendered":"<ol>\n<li>Rozw\u00f3j dziecka<\/li>\n<li>\u017bywienie dziecka<\/li>\n<li>Profilaktyka w pediatrii<\/li>\n<li>Stany nagl\u0105ce w pediatrii<\/li>\n<li>Objawy najcz\u0119stszych schorze\u0144 w poszczeg\u00f3lnych okresach rozwojowych, interpretacja podstawowych bada\u0144 dodatkowych<\/li>\n<li>Choroby okresu noworodkowego<\/li>\n<li>Choroby uwarunkowane genetycznie i wady rozwojowe<\/li>\n<li>Choroby wieku niemowl\u0119cego<\/li>\n<li>Podstawy alergologii<\/li>\n<li>Choroby uk\u0142adu oddechowego<\/li>\n<li>Ostre zespo\u0142y biegunkowe u dzieci<\/li>\n<li>Zaka\u017cenia dr\u00f3g moczowych<\/li>\n<li>Choroby uk\u0142adu kr\u0105\u017cenia<\/li>\n<li>Choroby uk\u0142adu krwiotw\u00f3rczego<\/li>\n<li>Choroby uk\u0142adu nerwowego<\/li>\n<li>Zasady sprawowania opieki paliatywnej, dziecko z chorob\u0105 nowotworow\u0105<\/li>\n<li>Intensywna terapia w pediatrii<\/li>\n<li>Organizacja opieki nad dzieckiem<\/li>\n<li>Choroby zaka\u017ane wieku rozwojowego<\/li>\n<li>Choroby sk\u00f3ry<\/li>\n<li>Choroby oczu<\/li>\n<li>Endokrynologia dzieci\u0119ca<\/li>\n<li>Inne choroby przewodu pokarmowego<\/li>\n<li>Choroba reumatyczna i kolagenozy<\/li>\n<\/ol>\n","protected":false},"excerpt":{"rendered":"<p>Rozw\u00f3j dziecka \u017bywienie dziecka Profilaktyka w pediatrii Stany nagl\u0105ce w pediatrii Objawy najcz\u0119stszych schorze\u0144 w poszczeg\u00f3lnych okresach rozwojowych, interpretacja podstawowych bada\u0144 dodatkowych Choroby okresu noworodkowego Choroby uwarunkowane genetycznie i wady rozwojowe Choroby wieku niemowl\u0119cego Podstawy alergologii Choroby uk\u0142adu oddechowego Ostre zespo\u0142y biegunkowe u dzieci Zaka\u017cenia dr\u00f3g moczowych Choroby uk\u0142adu kr\u0105\u017cenia Choroby uk\u0142adu krwiotw\u00f3rczego Choroby uk\u0142adu [&hellip;]<\/p>\n","protected":false},"author":3,"featured_media":0,"parent":674,"menu_order":2,"comment_status":"closed","ping_status":"open","template":"","meta":{"footnotes":""},"class_list":["post-672","page","type-page","status-publish","hentry"],"_links":{"self":[{"href":"https:\/\/jolanta.meller.net.pl\/index.php\/wp-json\/wp\/v2\/pages\/672","targetHints":{"allow":["GET"]}}],"collection":[{"href":"https:\/\/jolanta.meller.net.pl\/index.php\/wp-json\/wp\/v2\/pages"}],"about":[{"href":"https:\/\/jolanta.meller.net.pl\/index.php\/wp-json\/wp\/v2\/types\/page"}],"author":[{"embeddable":true,"href":"https:\/\/jolanta.meller.net.pl\/index.php\/wp-json\/wp\/v2\/users\/3"}],"replies":[{"embeddable":true,"href":"https:\/\/jolanta.meller.net.pl\/index.php\/wp-json\/wp\/v2\/comments?post=672"}],"version-history":[{"count":0,"href":"https:\/\/jolanta.meller.net.pl\/index.php\/wp-json\/wp\/v2\/pages\/672\/revisions"}],"up":[{"embeddable":true,"href":"https:\/\/jolanta.meller.net.pl\/index.php\/wp-json\/wp\/v2\/pages\/674"}],"wp:attachment":[{"href":"https:\/\/jolanta.meller.net.pl\/index.php\/wp-json\/wp\/v2\/media?parent=672"}],"curies":[{"name":"wp","href":"https:\/\/api.w.org\/{rel}","templated":true}]}}