{"id":28,"date":"2008-09-28T09:53:46","date_gmt":"2008-09-28T07:53:46","guid":{"rendered":"http:\/\/jolanta.meller.net.pl\/?page_id=28"},"modified":"2008-09-28T09:53:46","modified_gmt":"2008-09-28T07:53:46","slug":"materialy-do-wykladow","status":"publish","type":"page","link":"https:\/\/jolanta.meller.net.pl\/index.php\/pediatria\/materialy-do-wykladow\/","title":{"rendered":"Materia\u0142y do wyk\u0142ad\u00f3w"},"content":{"rendered":"<p><em>1. <a href=\"http:\/\/www.meller.hmcloud.pl\/jolanta\/wp-content\/uploads\/2023\/04\/Pediatria-Nowa2020-stany.pdf\">Resuscytacja<\/a><\/em><\/p>\n<p>2. <a href=\"http:\/\/www.meller.hmcloud.pl\/jolanta\/wp-content\/uploads\/2023\/04\/okres-noworodkowy.pdf\">Okres noworodkowy<\/a><\/p>\n<p>3. <a href=\"http:\/\/www.meller.hmcloud.pl\/jolanta\/wp-content\/uploads\/2023\/04\/Choroby-ukladu-oddechowego.pdf\">Choroby uk\u0142adu oddechowego<\/a><\/p>\n<p>4. <a href=\"http:\/\/www.meller.hmcloud.pl\/jolanta\/wp-content\/uploads\/2023\/04\/Choroby-przewodu-pokarmowego.pdf\">Choroby przewodu pokarmowego<\/a><\/p>\n<p>&nbsp;<\/p>\n","protected":false},"excerpt":{"rendered":"<p>1. Resuscytacja 2. Okres noworodkowy 3. Choroby uk\u0142adu oddechowego 4. Choroby przewodu pokarmowego &nbsp;<\/p>\n","protected":false},"author":3,"featured_media":0,"parent":674,"menu_order":3,"comment_status":"closed","ping_status":"open","template":"","meta":{"footnotes":""},"class_list":["post-28","page","type-page","status-publish","hentry"],"_links":{"self":[{"href":"https:\/\/jolanta.meller.net.pl\/index.php\/wp-json\/wp\/v2\/pages\/28","targetHints":{"allow":["GET"]}}],"collection":[{"href":"https:\/\/jolanta.meller.net.pl\/index.php\/wp-json\/wp\/v2\/pages"}],"about":[{"href":"https:\/\/jolanta.meller.net.pl\/index.php\/wp-json\/wp\/v2\/types\/page"}],"author":[{"embeddable":true,"href":"https:\/\/jolanta.meller.net.pl\/index.php\/wp-json\/wp\/v2\/users\/3"}],"replies":[{"embeddable":true,"href":"https:\/\/jolanta.meller.net.pl\/index.php\/wp-json\/wp\/v2\/comments?post=28"}],"version-history":[{"count":0,"href":"https:\/\/jolanta.meller.net.pl\/index.php\/wp-json\/wp\/v2\/pages\/28\/revisions"}],"up":[{"embeddable":true,"href":"https:\/\/jolanta.meller.net.pl\/index.php\/wp-json\/wp\/v2\/pages\/674"}],"wp:attachment":[{"href":"https:\/\/jolanta.meller.net.pl\/index.php\/wp-json\/wp\/v2\/media?parent=28"}],"curies":[{"name":"wp","href":"https:\/\/api.w.org\/{rel}","templated":true}]}}